{"id":226,"date":"2013-01-05T11:29:39","date_gmt":"2013-01-05T11:29:39","guid":{"rendered":"http:\/\/blessed2b.nl\/cmcc\/?page_id=226"},"modified":"2023-03-28T17:21:43","modified_gmt":"2023-03-28T17:21:43","slug":"b2b-gemist","status":"publish","type":"page","link":"https:\/\/blessed2b.nl\/cmcc\/b2b-gemist\/","title":{"rendered":"Blessed2B gemist"},"content":{"rendered":"<p><iframe loading=\"lazy\" width=\"560\" height=\"315\" src=\"https:\/\/www.youtube.com\/embed\/videoseries?list=PLfvEEgsTlqSS7MFQ8bFoTR8w5fxYwbf69\" title=\"YouTube video player\" frameborder=\"0\" allow=\"accelerometer; autoplay; clipboard-write; encrypted-media; gyroscope; picture-in-picture; web-share\" allowfullscreen><\/iframe><\/p>\n<h3>\u00a0Seizoen 2017\/2018\/2019\/2020<\/h3>\n<p>2020-03-08\u00a0 |Leef alsof het je laatste dag is | Henk Mulderij<\/p>\n<!--[if lt IE 9]><script>document.createElement('audio');<\/script><![endif]-->\n<audio class=\"wp-audio-shortcode\" id=\"audio-226-1\" preload=\"none\" style=\"width: 100%;\" controls=\"controls\"><source type=\"audio\/mpeg\" src=\"http:\/\/blessed2b.nl\/cmcc\/wp-content\/uploads\/2020\/03\/2020-03-08-henk-mulderij.mp3?_=1\" \/><a href=\"http:\/\/blessed2b.nl\/cmcc\/wp-content\/uploads\/2020\/03\/2020-03-08-henk-mulderij.mp3\">http:\/\/blessed2b.nl\/cmcc\/wp-content\/uploads\/2020\/03\/2020-03-08-henk-mulderij.mp3<\/a><\/audio>\n<table border=\"0\" width=\"994\" cellspacing=\"5\" cellpadding=\"5\">\n<tbody>\n<tr>\n<td colspan=\"2\" height=\"20\">\n<h4><strong>2 0 1 7<\/strong> \/ 2 0 1 8\/2019<\/h4>\n<\/td>\n<td width=\"147\" height=\"20\"><\/td>\n<td width=\"453\" height=\"20\"><\/td>\n<td width=\"453\" height=\"20\"><\/td>\n<\/tr>\n<tr bgcolor=\"#CCCCCC\">\n<td width=\"100\" height=\"20\"><strong>DATUM<\/strong><\/td>\n<td width=\"229\" height=\"20\"><strong>THEMA<\/strong><\/td>\n<td width=\"147\" height=\"20\"><strong>VOORGANGER<\/strong><\/td>\n<td height=\"20\"><strong>LUISTEREN<\/strong><\/td>\n<td height=\"20\"><strong>TEKSTEN<\/strong><\/td>\n<\/tr>\n<tr>\n<td height=\"20\">2020-03-08<\/td>\n<td height=\"20\">Leef alsof het je laatste dag is<\/td>\n<td height=\"20\">Henk Mulderij<\/td>\n<td height=\"20\"><a href=\"http:\/\/blessed2b.nl\/cmcc\/wp-content\/uploads\/2020\/03\/2020-03-08-henk-mulderij.mp3\">Leef alsof het je laatste dag is<\/a><\/td>\n<td height=\"20\"><\/td>\n<\/tr>\n<tr>\n<td height=\"20\">2019-10-13<\/td>\n<td height=\"20\">Thuis<\/td>\n<td height=\"20\">Wim-Kees van slooten<\/td>\n<td height=\"20\"><a href=\"http:\/\/blessed2b.nl\/cmcc\/wp-content\/uploads\/2019\/11\/2019-10-13-Wim-Kees-Van-Slooten-Thuis.mp3\">Thuis<\/a><\/td>\n<td height=\"20\"><\/td>\n<\/tr>\n<tr>\n<td height=\"20\">2019-09-22<\/td>\n<td height=\"20\">Close to you<\/td>\n<td height=\"20\">Jarno Holtman<\/td>\n<td height=\"20\"><a href=\"http:\/\/blessed2b.nl\/cmcc\/wp-content\/uploads\/2019\/11\/2019-09-22-Jarno-Holtman-Close-to-you.mp3\">Close to you<\/a><\/td>\n<td height=\"20\"><\/td>\n<\/tr>\n<tr>\n<td height=\"20\">2019-06-23<\/td>\n<td height=\"20\">Nooit (meer) alleen<\/td>\n<td height=\"20\">Jarno Holtman<\/td>\n<td height=\"20\"><a href=\"http:\/\/blessed2b.nl\/cmcc\/wp-content\/uploads\/2019\/11\/2019-06-23-Jarno-Holtman-Nooit-meer-alleen.mp3\">Nooit (meer) alleen<\/a><\/td>\n<td height=\"20\"><\/td>\n<\/tr>\n<tr>\n<td height=\"20\">2019-03-10<\/td>\n<td height=\"20\">War<\/td>\n<td height=\"20\">Wim-Kees van slooten<\/td>\n<td height=\"20\"><a href=\"http:\/\/blessed2b.nl\/cmcc\/wp-content\/uploads\/2019\/04\/2019-03-10-War-Wim-Kees-Van-Slooten.mp3\">War<\/a><\/td>\n<td height=\"20\"><\/td>\n<\/tr>\n<tr>\n<td height=\"20\">2019-02-10<\/td>\n<td height=\"20\">Dat verzin je niet<\/td>\n<td height=\"20\">Harry Sterenborg<\/td>\n<td height=\"20\"><a href=\"http:\/\/blessed2b.nl\/cmcc\/wp-content\/uploads\/2019\/03\/2019-02-10-18-Dat-verzin-je-niet.mp3\">Dat verzin je niet<\/a><\/td>\n<td height=\"20\"><\/td>\n<\/tr>\n<tr>\n<td height=\"20\">2018-01-13<\/td>\n<td height=\"20\">Klaar voor de start<\/td>\n<td height=\"20\">Jarno Holtman<\/td>\n<td height=\"20\"><a href=\"http:\/\/blessed2b.nl\/cmcc\/wp-content\/uploads\/2019\/02\/Klaar-voor-de-start-13-01-2019.mp3\">Klaar voor de start<\/a><\/td>\n<td height=\"20\"><\/td>\n<\/tr>\n<tr>\n<td height=\"20\">2018-12-09<\/td>\n<td height=\"20\">Als ik Hem ontmoet dan&#8230;<\/td>\n<td height=\"20\">Jarno Holtman<\/td>\n<td height=\"20\"><a href=\"http:\/\/blessed2b.nl\/cmcc\/wp-content\/uploads\/2019\/01\/2018-12-09-Jarno-Holtman-Als-ik-hem-ontmoet-dan-1.mp3\">Als ik Hem ontmoet dan&#8230;<\/a><\/td>\n<td height=\"20\"><\/td>\n<\/tr>\n<tr>\n<td height=\"20\">2018-11-18<\/td>\n<td height=\"20\">Onmenselijke liefde<\/td>\n<td height=\"20\">Errit Sjoerd vd Heide<\/td>\n<td height=\"20\"><a href=\"http:\/\/blessed2b.nl\/cmcc\/wp-content\/uploads\/2018\/11\/2018-11-18-Errit-Sjoerd-vd-Heide-onmenselijke-liefde.mp3\">Onmenselijke liefde<\/a><\/td>\n<td height=\"20\"><a href=\"http:\/\/blessed2b.nl\/cmcc\/2018\/11\/tekst-18-november\/\" target=\"_blank\" rel=\"noopener noreferrer\">tekst van de liederen<\/a><\/td>\n<\/tr>\n<tr>\n<td height=\"20\">2018-10-14<\/td>\n<td height=\"20\">Briefje uit de hemel<\/td>\n<td height=\"20\">Bram Koerts<\/td>\n<td height=\"20\"><a href=\"http:\/\/blessed2b.nl\/cmcc\/wp-content\/uploads\/2018\/11\/2018-10-14-Bram-Koerts-Briefje-uit-de-hemel.mp3\">Briefje uit de hemel<\/a><\/td>\n<\/tr>\n<tr>\n<td height=\"20\">2018-09-23<\/td>\n<td height=\"20\">Ik weet wie je bent<\/td>\n<td height=\"20\">Errit Sjoerd vd Heide<\/td>\n<td height=\"20\"><a href=\"http:\/\/blessed2b.nl\/cmcc\/wp-content\/uploads\/2018\/11\/2018-09-23-Errit-Sjoerd-vd-heide-Ik-weet-wie-je-bent.mp3\">Ik weet wie je bent<\/a><\/td>\n<\/tr>\n<tr>\n<td height=\"20\">2018-06-10<\/td>\n<td height=\"20\">I want you<\/td>\n<td height=\"20\">Wim Kees van Slooten<\/td>\n<td height=\"20\"><a href=\"http:\/\/blessed2b.nl\/cmcc\/wp-content\/uploads\/2018\/11\/2018-06-10-wim-kees-van-slooten-I-want-you.mp3\">I want you<\/a><\/td>\n<\/tr>\n<tr>\n<td height=\"20\">2018-05-06<\/td>\n<td height=\"20\">Zwaar Weer<\/td>\n<td height=\"20\">Jarno Holtman<\/td>\n<td height=\"20\"><a href=\"http:\/\/blessed2b.nl\/cmcc\/wp-content\/uploads\/2018\/06\/2018-05-06-Jarno-Holtman-Zwaar-Weer.mp3\">Zwaar Weer<\/a><\/td>\n<\/tr>\n<tr>\n<td height=\"20\">08-04-2018<\/td>\n<td height=\"20\">Kingdom culture<\/td>\n<td height=\"20\">Bram Koerts<\/td>\n<td height=\"20\"><a href=\"http:\/\/blessed2b.nl\/cmcc\/wp-content\/uploads\/2018\/04\/2018-04-08-Bram-Koerts-Kingdom-Culture.mp3\">Kingdom culture<\/a><\/td>\n<\/tr>\n<tr>\n<td height=\"20\">11-03-2018<\/td>\n<td height=\"20\">Kingdom now<\/td>\n<td height=\"20\">Bram Koerts<\/td>\n<td height=\"20\"><a href=\"http:\/\/blessed2b.nl\/cmcc\/wp-content\/uploads\/2018\/04\/2018-03-11-Bram-Koerts-Kingdom-Now.mp3\">Kingdom now<\/a><\/td>\n<\/tr>\n<tr>\n<td height=\"20\">11-02-2018<\/td>\n<td height=\"20\">Me Too<\/td>\n<td height=\"20\">Jarno Holtman<\/td>\n<td height=\"20\"><a href=\"http:\/\/blessed2b.nl\/cmcc\/wp-content\/uploads\/2018\/04\/2018-02-11-Jarno-Holtman-MeToo.mp3\">Me Too<\/a><\/td>\n<\/tr>\n<tr>\n<td height=\"20\">14-01-2018<\/td>\n<td height=\"20\">De tijd tikt<\/td>\n<td height=\"20\">Wim-kees van Slooten<\/td>\n<td height=\"20\"><a href=\"http:\/\/blessed2b.nl\/cmcc\/wp-content\/uploads\/2018\/02\/2018-01-14-18-Wim-Kees-van-Slooten-De-tijd-tikt.mp3\">De tijd tikt<\/a><\/td>\n<\/tr>\n<tr>\n<td height=\"20\">10-12-2017<\/td>\n<td height=\"20\">Spreek, Heer, uw knecht hoort<\/td>\n<td height=\"20\">Bram Koerts\/td&gt;<\/td>\n<td height=\"20\"><a href=\"http:\/\/blessed2b.nl\/cmcc\/wp-content\/uploads\/2018\/02\/2017-12-10-Bram-Koerts-spreek-heer-uw-knecht-hoort.mp3\">Spreek, Heer, uw knecht hoort<\/a><\/td>\n<\/tr>\n<tr>\n<td height=\"20\">12-11-2017<\/td>\n<td height=\"20\">Toren hoge schuld<\/td>\n<td height=\"20\">Errit Sjoerd van der heide<\/td>\n<td height=\"20\"><a title=\"Blessed2B Toren hoge schuld Errit Sjoerd van der heide\" href=\"http:\/\/blessed2b.nl\/cmcc\/wp-content\/uploads\/2017\/11\/2017-11-12-Errit-Sjoerd-vd-Heide-Toren-hoge-schuld.mp3\">Toren hoge schuld<\/a><\/td>\n<\/tr>\n<tr>\n<td height=\"20\">08-10-2017<\/td>\n<td height=\"20\">Wachten op de ware jakob<\/td>\n<td height=\"20\">Peter Roosendaal<\/td>\n<td height=\"20\"><a title=\"Blessed2b Peter Roosendaal CGK Mussel Thema Wachten op de ware jakob\" href=\"http:\/\/blessed2b.nl\/cmcc\/wp-content\/uploads\/2017\/10\/2017-10-08-Peter-Roosendaal-wachten-op-de-ware-jakob.mp3\">Wachten op de ware jakob<\/a><\/td>\n<\/tr>\n<\/tbody>\n<\/table>\n<table border=\"0\" width=\"994\" cellspacing=\"5\" cellpadding=\"5\">\n<tbody>\n<tr>\n<td colspan=\"2\" height=\"20\">\n<h4><strong>2 0 1 4<\/strong> \/ 2 0 1 5\/ 2 0 1 6\/2017<\/h4>\n<\/td>\n<td width=\"147\" height=\"20\"><\/td>\n<td width=\"453\" height=\"20\"><\/td>\n<\/tr>\n<tr bgcolor=\"#CCCCCC\">\n<td width=\"100\" height=\"20\"><strong>DATUM<\/strong><\/td>\n<td width=\"229\" height=\"20\"><strong>THEMA<\/strong><\/td>\n<td width=\"147\" height=\"20\"><strong>VOORGANGER<\/strong><\/td>\n<td height=\"20\"><strong>LUISTEREN<\/strong><\/td>\n<\/tr>\n<tr>\n<td height=\"20\">21-05-2017<\/td>\n<td height=\"20\">Occultisme<\/td>\n<td height=\"20\">Peter Roosendaal<\/td>\n<td height=\"20\"><a title=\"Blessed2b Peter Roosendaal CGK Mussel Thema Occultisme\" href=\"http:\/\/blessed2b.nl\/media\/2017-05-21-18-56-024-Peter-Roosendaal-occultisme.mp3\">Occultisme<\/a><\/td>\n<\/tr>\n<tr>\n<td height=\"20\">09-04-2017<\/td>\n<td height=\"20\">Prison Break<\/td>\n<td height=\"20\">Wim-kees van Slooten<\/td>\n<td height=\"20\"><a title=\"Blessed2B Prison Break Wim-kees van Slooten\" href=\"http:\/\/www.blessed2b.nl\/media\/2017-04-09-19-04-024-Wim-kees-van-Slooten-Prison-Break.mp3\">Prison Break<\/a><\/td>\n<\/tr>\n<tr>\n<td height=\"20\">12-02-2017<\/td>\n<td height=\"20\">Kleur bekennen<\/td>\n<td height=\"20\">Wim-kees van Slooten<\/td>\n<td height=\"20\"><a href=\"http:\/\/www.blessed2b.nl\/media\/2017-02-12-18-54-024 kleur bekennen wim kees van slooten.mp3\">Kleur bekennen<\/a><\/td>\n<\/tr>\n<tr>\n<td height=\"20\">08-01-2017<\/td>\n<td height=\"20\">Een schone lei!<\/td>\n<td height=\"20\">Jarno Holtman<\/td>\n<td height=\"20\"><a href=\"http:\/\/www.blessed2b.nl\/media\/2017-01-08-18-47-024 een schone lei jarno holtman.mp3\">Een schone lei!<\/a><\/td>\n<\/tr>\n<tr>\n<td height=\"20\">11-12-2016<\/td>\n<td height=\"20\">God verandert mensen!<\/td>\n<td height=\"20\">Wim-kees van Slooten<\/td>\n<td height=\"20\"><a href=\"http:\/\/www.blessed2b.nl\/media\/2016-12-11-18-48-024-God-verandert-mensen-wim-kees-van-slooten.mp3\">God verandert mensen!<\/a><\/td>\n<\/tr>\n<tr>\n<td height=\"20\">13-11-2016<\/td>\n<td height=\"20\">Grow up!<\/td>\n<td height=\"20\">Jurrian Oosterbroek<\/td>\n<td height=\"20\"><a href=\"http:\/\/www.blessed2b.nl\/media\/2016-11-13-18-45-024-Jurrian Oosterbroek montage incompleet.mp3\">Grow up!<\/a><\/td>\n<\/tr>\n<tr>\n<td height=\"20\">09-10-2016<\/td>\n<td height=\"20\">In Christ alone!<\/td>\n<td height=\"20\">Bram Hofland<\/td>\n<td height=\"20\"><a href=\"http:\/\/www.blessed2b.nl\/media\/2016-10-09-18-46-024-bram-hofland-christ-alone.mp3\">Christ alone!<\/a><\/td>\n<\/tr>\n<tr>\n<td height=\"20\">18-09-2016<\/td>\n<td height=\"20\">Time to change!<\/td>\n<td height=\"20\">Jurrian Oosterbroek<\/td>\n<td height=\"20\">Helaas geen opname<\/td>\n<\/tr>\n<tr>\n<td height=\"20\">05-06-2016<\/td>\n<td height=\"20\">Ik ga op reis en neem mee<\/td>\n<td height=\"20\">Bram Hofland<\/td>\n<td height=\"20\"><a href=\"http:\/\/www.blessed2b.nl\/media\/2016-06-05-18-55-024-ik-ga-op-reis-en-neem-mee-b2b.mp3\">Ik ga op reis en neem mee<\/a><\/td>\n<\/tr>\n<tr>\n<td height=\"20\">22-05-2016<\/td>\n<td height=\"20\">Geloven, zin of onzin?<\/td>\n<td height=\"20\">Wim-kees van Slooten<\/td>\n<td height=\"20\"><a href=\"http:\/\/www.blessed2b.nl\/media\/2016-05-22-18-47-024-geloven-zin-of-onzin-wim-kees-van-slooten.mp3\">Geloven, zin of onzin?<\/a><\/td>\n<\/tr>\n<tr>\n<td height=\"20\">17-04-2016<\/td>\n<td height=\"20\">Alles is liefde<\/td>\n<td height=\"20\">Bram Hofland<\/td>\n<td height=\"20\"><a href=\"http:\/\/www.blessed2b.nl\/media\/2016-04-17-18-48-024-alles-is-liefde-bram-hofland.mp3\">Alles is liefde<\/a><\/td>\n<\/tr>\n<tr>\n<td height=\"20\">13-03-2016<\/td>\n<td height=\"20\">Er is leven na de dood<\/td>\n<td height=\"20\">Jurrian Oosterbroek<\/td>\n<td height=\"20\"><a href=\"http:\/\/www.blessed2b.nl\/media\/2016-03-13-18-57-024-er-is-leven-na-de-dood-jurrian-oosterbroek.mp3\">Er is leven na de dood<\/a><\/td>\n<\/tr>\n<tr>\n<td height=\"20\">14-02-2016<\/td>\n<td height=\"20\">Recycle<\/td>\n<td height=\"20\">Bram Hofland<\/td>\n<td height=\"20\"><a href=\"http:\/\/www.blessed2b.nl\/media\/2016-02-14-18-44-024-recycle-bram-hofland-cgk-mussel.mp3\">Recycle<\/a><\/td>\n<\/tr>\n<tr>\n<td height=\"20\">17-01-2016<\/td>\n<td height=\"20\">Het woord is aan jou<\/td>\n<td height=\"20\">Wim-kees van Slooten<\/td>\n<td height=\"20\"><a href=\"http:\/\/www.blessed2b.nl\/media\/2016-01-17-18-47-024-het-woord-is-aan-jou-B2B.mp3\">Het woord is aan jou<\/a><\/td>\n<\/tr>\n<tr>\n<td height=\"20\">13-12-2015<\/td>\n<td height=\"20\">A new adventure<\/td>\n<td height=\"20\">Wim-kees van Slooten<\/td>\n<td height=\"20\"><a href=\"http:\/\/www.blessed2b.nl\/media\/2015-12-13-18-46-024-a-new-adventure-B2B.mp3\">A new adventure<\/a><\/td>\n<\/tr>\n<tr>\n<td height=\"20\">22-11-2015<\/td>\n<td height=\"20\">Doe maar gewoon<\/td>\n<td height=\"20\">Bram Hofland<\/td>\n<td height=\"20\"><a href=\"http:\/\/www.blessed2b.nl\/media\/2015-11-22-18-45-024-doe-maar-gewoon-B2B.mp3\">Doe maar gewoon<\/a><\/td>\n<\/tr>\n<tr>\n<td height=\"20\">18-10-2015<\/td>\n<td height=\"20\">Challenge Ahead<\/td>\n<td height=\"20\">Jurrian Oosterbroek<\/td>\n<td height=\"20\"><a href=\"http:\/\/www.blessed2b.nl\/media\/2015-10-18-18-47-024-challenge-ahead-JO.mp3\">Challenge ahead<\/a><\/td>\n<\/tr>\n<tr>\n<td height=\"20\">15-03-2015<\/td>\n<td height=\"20\">Geneest God vandaag nog?!<\/td>\n<td height=\"20\">Bram Hofland<\/td>\n<td height=\"20\"><a href=\"http:\/\/www.blessed2b.nl\/media\/2015-03-15-18-47-024_Geneest-God-vandaag-nog.mp3\">Geneest God vandaag nog?<\/a><\/td>\n<\/tr>\n<tr>\n<td height=\"20\">15-02-2015<\/td>\n<td height=\"20\">Waarom is geloven zo moeilijk<\/td>\n<td height=\"20\">Jurrian Oosterbroek<\/td>\n<td height=\"20\"><a href=\"http:\/\/www.blessed2b.nl\/media\/2015-02-15-18-47-024-Waarom-is-geloven-zo-moeilijk.mp3\">Waarom is geloven zo moeilijk?<\/a><\/td>\n<\/tr>\n<tr>\n<td height=\"20\">16-11-2014<\/td>\n<td height=\"20\">Who am I<\/td>\n<td height=\"20\">Bram Hofland<\/td>\n<td height=\"20\"><a href=\"http:\/\/www.blessed2b.nl\/media\/2014-11-16-18-47-024-Who-am-I.mp3\">Who am I<\/a><\/td>\n<\/tr>\n<tr bgcolor=\"#F5F5F5\">\n<td height=\"20\">19-10-2014<\/td>\n<td height=\"20\">Waarom doet God niets<\/td>\n<td height=\"20\">Jurrian Oosterbroek<\/td>\n<td height=\"20\"><a href=\"http:\/\/www.blessed2b.nl\/media\/2014-10-19-18-51-024-Waarom-doet-God-niets.mp3\">Waarom doet God niets?<\/a><\/td>\n<\/tr>\n<tr>\n<td colspan=\"2\" height=\"20\"><\/td>\n<td height=\"20\"><\/td>\n<td height=\"20\"><\/td>\n<\/tr>\n<tr>\n<td colspan=\"2\" height=\"20\">\n<h4><strong>2 0 1 3<\/strong> \/ 2 0 1 4<\/h4>\n<\/td>\n<td height=\"20\"><\/td>\n<td height=\"20\"><\/td>\n<\/tr>\n<tr>\n<td height=\"20\">15-06-2014<\/td>\n<td height=\"20\">All work, no play<\/td>\n<td height=\"20\">Bram Hofland<\/td>\n<td height=\"20\"><a href=\"http:\/\/www.blessed2b.nl\/media\/2014-06-15-18-47-024-all-work-no-play.mp3\">All work, no play<\/a><\/td>\n<\/tr>\n<tr bgcolor=\"#F5F5F5\">\n<td height=\"20\">18-05-2014<\/td>\n<td height=\"20\">Jij en je onzekerheid<\/td>\n<td height=\"20\">Wim-kees van Slooten<\/td>\n<td height=\"20\"><a href=\"http:\/\/www.blessed2b.nl\/media\/Blessed2B-Jij-en-Onzekerheid.mp3\">Jij en je onzekerheid<\/a><\/td>\n<\/tr>\n<tr>\n<td height=\"20\">13-04-2014<\/td>\n<td height=\"20\">Gods Toolbox<\/td>\n<td height=\"20\">Bram Hofland<\/td>\n<td height=\"20\"><a href=\"http:\/\/www.blessed2b.nl\/media\/2014-04-13-18-51-024-Gods-Toolbox.mp3\">Gods toolbox<\/a><\/td>\n<\/tr>\n<tr bgcolor=\"#F5F5F5\">\n<td height=\"20\">16-03-2014<\/td>\n<td height=\"20\">Ga zelf maar kijken<\/td>\n<td height=\"20\">Bram Hofland<\/td>\n<td height=\"20\"><a href=\"http:\/\/www.blessed2b.nl\/media\/2014-03-16-18-47-024_Ga-zelf-maar-kijken.mp3\">Ga zelf maar kijken<\/a><\/td>\n<\/tr>\n<tr>\n<td height=\"20\">16-02-2014<\/td>\n<td height=\"20\">Gods Love Letter<\/td>\n<td height=\"20\">Bram Hofland<\/td>\n<td height=\"20\"><a href=\"http:\/\/www.blessed2b.nl\/media\/2014-02-16-18-44-024_Gods-Love-Letter.mp3\">Gods Love Letter<\/a><\/td>\n<\/tr>\n<tr bgcolor=\"#F5F5F5\">\n<td height=\"20\">19-01-2014<\/td>\n<td height=\"20\">Online met God<\/td>\n<td height=\"20\">Wim-kees van Slooten<\/td>\n<td height=\"20\"><a href=\"http:\/\/www.blessed2b.nl\/media\/2014-01-19-18-51-024_Online-met-God.mp3\">Online met God<\/a><\/td>\n<\/tr>\n<tr>\n<td height=\"20\">15-12-2013<\/td>\n<td height=\"20\">Crosspoint<\/td>\n<td height=\"20\">Bram Hofland<\/td>\n<td height=\"20\"><a href=\"http:\/\/www.blessed2b.nl\/media\/2013-12-19-Crosspoint_B2B_mixdown.mp3\">Crosspoint<\/a><\/td>\n<\/tr>\n<tr bgcolor=\"#F5F5F5\">\n<td height=\"20\">17-11-2013<\/td>\n<td height=\"20\">Bling bling voor Jezus!<\/td>\n<td height=\"20\">Wim-kees van Slooten<\/td>\n<td height=\"20\"><a href=\"http:\/\/www.blessed2b.nl\/media\/2013-11-17-18-59-024_bling-bling-voor-Jezus.mp3\">Bling bling voor Jezus<\/a><\/td>\n<\/tr>\n<tr>\n<td height=\"20\">20-10-2013<\/td>\n<td height=\"20\">Opladen bij God part 2<\/td>\n<td height=\"20\">Bram Hofland<\/td>\n<td height=\"20\"><a href=\"http:\/\/www.blessed2b.nl\/media\/2013-10-20-18-59-024_opladen-bij-God-2.mp3\">Opladen bij God, part 2<\/a><\/td>\n<\/tr>\n<tr bgcolor=\"#F5F5F5\">\n<td height=\"20\">15-09-2013<\/td>\n<td height=\"20\">Opladen bij God part 1<\/td>\n<td height=\"20\">Jurrian Oosterbroek<\/td>\n<td height=\"20\"><a href=\"http:\/\/www.blessed2b.nl\/media\/2013-09-15-18-55-024B2B_Opladen_bij_God_.mp3\">Opladen bij God, part 1<\/a><\/td>\n<\/tr>\n<tr>\n<td height=\"20\">23-06-2013<\/td>\n<td height=\"20\">Under Construction<\/td>\n<td height=\"20\">Bram Hofland<\/td>\n<td height=\"20\"><a href=\"http:\/\/www.blessed2b.nl\/media\/2013-06-23-18-41-024-under-construction-blessed2b.mp3\">Under Construction<\/a><\/td>\n<\/tr>\n<tr bgcolor=\"#F5F5F5\">\n<td height=\"20\">12-05-2013<\/td>\n<td height=\"20\">Let&#8217;s talk about sex<\/td>\n<td height=\"20\">Jurrian Oosterbroek<\/td>\n<td height=\"20\"><a href=\"http:\/\/www.blessed2b.nl\/media\/2013-05-12-18-39-024-Let-s-talk-about-sex-.mp3\">Let&#8217;s talk about sex<\/a><\/td>\n<\/tr>\n<tr>\n<td height=\"20\">14-04-2013<\/td>\n<td height=\"20\">Waterproof!<\/td>\n<td height=\"20\">Bram Hofland<\/td>\n<td height=\"20\"><a href=\"http:\/\/www.blessed2b.nl\/media\/2013-04-14-18-41-024-Waterproof.mp3\">Waterproof<\/a><\/td>\n<\/tr>\n<tr bgcolor=\"#F5F5F5\">\n<td height=\"20\">24-03-2013<\/td>\n<td height=\"20\">Goede Vrijdag: Jezus in jouw plaats!<\/td>\n<td height=\"20\">Bram Hofland<\/td>\n<td height=\"20\"><a href=\"http:\/\/www.blessed2b.nl\/media\/2013-03-24-18-42-024_Goede_Vrijdag.mp3\">Goede Vrijdag: Jezus in jouw plaats!<\/a><\/td>\n<\/tr>\n<tr>\n<td height=\"20\">17-02-2013<\/td>\n<td height=\"20\">The voice of&#8230;God!<\/td>\n<td height=\"20\">Wouter Moolhuizen<\/td>\n<td height=\"20\"><a href=\"http:\/\/www.blessed2b.nl\/media\/2013-02-17-18-36-024-blessed2b-The-voice-of-God.mp3\">The voice of&#8230;God!<\/a><\/td>\n<\/tr>\n<tr bgcolor=\"#F5F5F5\">\n<td height=\"20\">13-01-2013<\/td>\n<td height=\"20\">Bidden<\/td>\n<td height=\"20\">Jurrian Oosterbroek<\/td>\n<td height=\"20\"><a href=\"http:\/\/www.blessed2b.nl\/media\/2013-01-13-18-45-024_bidden_blessed2b.mp3\">Bidden<\/a><\/td>\n<\/tr>\n<tr>\n<td style=\"text-align: left;\" width=\"100\"><\/td>\n<td width=\"229\"><\/td>\n<td width=\"147\"><\/td>\n<td><\/td>\n<\/tr>\n<tr>\n<td width=\"100\"><\/td>\n<td width=\"229\"><\/td>\n<td width=\"147\"><\/td>\n<td><\/td>\n<\/tr>\n<\/tbody>\n<\/table>\n<table border=\"0\" width=\"941\" cellspacing=\"5\" cellpadding=\"5\">\n<tbody>\n<tr>\n<td width=\"100\" height=\"20\">\n<h4><strong>2 0 1 2<\/strong><\/h4>\n<\/td>\n<td width=\"200\" height=\"20\"><\/td>\n<td width=\"150\" height=\"20\"><\/td>\n<td height=\"20\"><\/td>\n<\/tr>\n<tr bgcolor=\"#CCCCCC\">\n<td width=\"100\" height=\"20\"><strong>DATUM<\/strong><\/td>\n<td width=\"200\" height=\"20\"><strong>THEMA<\/strong><\/td>\n<td width=\"150\" height=\"20\"><strong>VOORGANGER<\/strong><\/td>\n<td height=\"20\"><strong>LUISTEREN<\/strong><\/td>\n<\/tr>\n<tr>\n<td width=\"100\" height=\"20\">16-12-2012<\/td>\n<td width=\"200\" height=\"20\">Het \u00e8chte Kerstfeest<\/td>\n<td width=\"150\" height=\"20\">Bram Hofland<\/td>\n<td height=\"20\"><a href=\"http:\/\/www.blessed2b.nl\/media\/2012-12-16-18-59-024-het-echte-kerstfeest.mp3\">Het \u00e8chte Kerstfeest<\/a><\/td>\n<\/tr>\n<tr bgcolor=\"#F5F5F5\">\n<td width=\"100\" height=\"20\">25-11-2012<\/td>\n<td width=\"200\" height=\"20\">God de Vader!<\/td>\n<td width=\"150\" height=\"20\">Jurrian Oosterbroek<\/td>\n<td height=\"20\">Helaas geen opname God de Vader!<\/td>\n<\/tr>\n<tr>\n<td width=\"100\" height=\"20\">14-10-2012<\/td>\n<td width=\"200\" height=\"20\">Glow!<\/td>\n<td width=\"150\" height=\"20\">Bram Hofland<\/td>\n<td height=\"20\"><a href=\"http:\/\/www.blessed2b.nl\/media\/2012-10-14-18-48-024_GLOW.mp3\">Glow!<\/a><\/td>\n<\/tr>\n<tr bgcolor=\"#F5F5F5\">\n<td width=\"100\" height=\"20\">16-09-2012<\/td>\n<td width=\"200\" height=\"20\">Never the same again!<\/td>\n<td width=\"150\" height=\"20\">Jurrian Oosterbroek<\/td>\n<td height=\"20\"><a href=\"http:\/\/www.blessed2b.nl\/media\/2012-09-16-18-59-never-be-the-same.mp3\">Never the same again!<\/a><\/td>\n<\/tr>\n<tr>\n<td width=\"100\" height=\"20\">01-07-2012<\/td>\n<td width=\"200\" height=\"20\">And the winner is&#8230;<\/td>\n<td width=\"150\" height=\"20\">Jurrian Oosterbroek<\/td>\n<td height=\"20\"><a href=\"http:\/\/www.blessed2b.nl\/media\/2012-07-01-18-08-and-the-winner-is.mp3\">And the winner is&#8230;<\/a><\/td>\n<\/tr>\n<tr bgcolor=\"#F5F5F5\">\n<td width=\"100\" height=\"20\">13-05-2012<\/td>\n<td width=\"200\" height=\"20\">I have a dream!<\/td>\n<td width=\"150\" height=\"20\">Marco Hofland<\/td>\n<td height=\"20\"><a href=\"http:\/\/www.blessed2b.nl\/media\/2012-05-13-3b2b-i-have-a-dream.mp3\">I have a dream!<\/a><\/td>\n<\/tr>\n<tr>\n<td width=\"100\" height=\"20\">15-04-2012<\/td>\n<td width=\"200\" height=\"20\">Free!<\/td>\n<td width=\"150\" height=\"20\">Marco Hofland<\/td>\n<td height=\"20\"><a href=\"http:\/\/www.blessed2b.nl\/media\/2012-04-15-19-00-free.mp3\">Free!<\/a><\/td>\n<\/tr>\n<tr bgcolor=\"#F5F5F5\">\n<td width=\"100\" height=\"20\">18-03-2012<\/td>\n<td width=\"200\" height=\"20\">\u00c9\u00e9n van twee\u00ebn<\/td>\n<td width=\"150\" height=\"20\">Marco Hofland<\/td>\n<td height=\"20\"><a href=\"http:\/\/www.blessed2b.nl\/media\/2012-03-18-18-57-een-van-tweeen.mp3\">\u00c9\u00e9n van twee\u00ebn<\/a><\/td>\n<\/tr>\n<tr>\n<td style=\"text-align: left;\" width=\"100\"><\/td>\n<td width=\"200\"><\/td>\n<td width=\"150\"><\/td>\n<td><\/td>\n<\/tr>\n<tr>\n<td width=\"100\"><\/td>\n<td width=\"200\"><\/td>\n<td width=\"150\"><\/td>\n<td><\/td>\n<\/tr>\n<tr>\n<td width=\"100\"><\/td>\n<td width=\"200\"><\/td>\n<td width=\"150\"><\/td>\n<td><\/td>\n<\/tr>\n<tr>\n<td width=\"100\"><\/td>\n<td width=\"200\"><\/td>\n<td width=\"150\"><\/td>\n<td><\/td>\n<\/tr>\n<tr>\n<td width=\"100\"><\/td>\n<td width=\"200\"><\/td>\n<td width=\"150\"><\/td>\n<td><\/td>\n<\/tr>\n<tr>\n<td width=\"100\"><\/td>\n<td width=\"200\"><\/td>\n<td width=\"150\"><\/td>\n<td><\/td>\n<\/tr>\n<tr>\n<td width=\"100\"><\/td>\n<td width=\"200\"><\/td>\n<td width=\"150\"><\/td>\n<td><\/td>\n<\/tr>\n<tr>\n<td width=\"100\"><\/td>\n<td width=\"200\"><\/td>\n<td width=\"150\"><\/td>\n<td><\/td>\n<\/tr>\n<tr>\n<td width=\"100\"><\/td>\n<td width=\"200\"><\/td>\n<td width=\"150\"><\/td>\n<td><\/td>\n<\/tr>\n<tr>\n<td width=\"100\"><\/td>\n<td width=\"200\"><\/td>\n<td width=\"150\"><\/td>\n<td><\/td>\n<\/tr>\n<tr>\n<td width=\"100\"><\/td>\n<td width=\"200\"><\/td>\n<td width=\"150\"><\/td>\n<td><\/td>\n<\/tr>\n<\/tbody>\n<\/table>\n","protected":false},"excerpt":{"rendered":"<p>\u00a0Seizoen 2017\/2018\/2019\/2020 2020-03-08\u00a0 |Leef alsof het je laatste dag is | Henk Mulderij 2 0 1 7 \/ 2 0 1 8\/2019 DATUM THEMA VOORGANGER LUISTEREN TEKSTEN 2020-03-08 Leef alsof het je laatste dag is Henk Mulderij Leef alsof het je laatste dag is 2019-10-13 Thuis Wim-Kees van slooten Thuis 2019-09-22 Close to you Jarno [&hellip;]<\/p>\n","protected":false},"author":1,"featured_media":0,"parent":0,"menu_order":0,"comment_status":"closed","ping_status":"closed","template":"","meta":{"footnotes":""},"class_list":["post-226","page","type-page","status-publish","hentry"],"_links":{"self":[{"href":"https:\/\/blessed2b.nl\/cmcc\/wp-json\/wp\/v2\/pages\/226","targetHints":{"allow":["GET"]}}],"collection":[{"href":"https:\/\/blessed2b.nl\/cmcc\/wp-json\/wp\/v2\/pages"}],"about":[{"href":"https:\/\/blessed2b.nl\/cmcc\/wp-json\/wp\/v2\/types\/page"}],"author":[{"embeddable":true,"href":"https:\/\/blessed2b.nl\/cmcc\/wp-json\/wp\/v2\/users\/1"}],"replies":[{"embeddable":true,"href":"https:\/\/blessed2b.nl\/cmcc\/wp-json\/wp\/v2\/comments?post=226"}],"version-history":[{"count":74,"href":"https:\/\/blessed2b.nl\/cmcc\/wp-json\/wp\/v2\/pages\/226\/revisions"}],"predecessor-version":[{"id":1536,"href":"https:\/\/blessed2b.nl\/cmcc\/wp-json\/wp\/v2\/pages\/226\/revisions\/1536"}],"wp:attachment":[{"href":"https:\/\/blessed2b.nl\/cmcc\/wp-json\/wp\/v2\/media?parent=226"}],"curies":[{"name":"wp","href":"https:\/\/api.w.org\/{rel}","templated":true}]}}